{"id":18250,"date":"2026-03-19T19:06:38","date_gmt":"2026-03-19T19:06:38","guid":{"rendered":"https:\/\/blocatclimbing.com\/?page_id=18250"},"modified":"2026-05-12T10:34:59","modified_gmt":"2026-05-12T10:34:59","slug":"climbing-league-26","status":"publish","type":"page","link":"https:\/\/blocatclimbing.com\/index.php\/climbing-league-26\/","title":{"rendered":"Climbing League 26"},"content":{"rendered":"<p>[vc_row css_animation=&#8221;&#8221; row_type=&#8221;row&#8221; use_row_as_full_screen_section=&#8221;no&#8221; type=&#8221;full_width&#8221; angled_section=&#8221;no&#8221; text_align=&#8221;left&#8221; background_image_as_pattern=&#8221;without_pattern&#8221;][vc_column][vc_empty_space][vc_empty_space][vc_single_image image=&#8221;18255&#8243; img_size=&#8221;medium&#8221; alignment=&#8221;center&#8221; qode_css_animation=&#8221;&#8221;][vc_empty_space][vc_empty_space][\/vc_column][\/vc_row][vc_row css_animation=&#8221;&#8221; row_type=&#8221;row&#8221; use_row_as_full_screen_section=&#8221;no&#8221; type=&#8221;full_width&#8221; angled_section=&#8221;no&#8221; text_align=&#8221;left&#8221; background_image_as_pattern=&#8221;without_pattern&#8221;][vc_column width=&#8221;1\/2&#8243;][vc_empty_space][vc_empty_space][vc_empty_space][vc_column_text]<span style=\"color: #008000;\"><strong>QU\u00c8 \u00c9S?<\/strong><\/span><\/p>\n<p>\u00c9s una lliga interna d\u2019escalada on es pot apuntar qualsevol persona. Es participar\u00e0 a 3 jornades classificat\u00f2ries i es far\u00e0 un ranquing. Els i les <strong>6<\/strong> primers\/es participants de cada categoria quedaran classificats per la final.<\/p>\n<p>La finalitat de la Lliga \u00e9s passar unes jornades d\u2019escalada amb la fam\u00edlia Blocat i tancar amb un esdeveniment final amb sortejos, sopar i festa.<\/p>\n<p>Es fan 4 jornades, 3 rondes classificat\u00f2ries i 1 final. El resultat de les 3 primeres jornades determina qui passa a la 4a jornada (final)<\/p>\n<p>&nbsp;<\/p>\n<p><span style=\"color: #008000;\"><strong>FORMAT<\/strong><\/span><\/p>\n<p>Classificat\u00f2ries:<\/p>\n<p>Hi haur\u00e0 blocs numerats de l\u20191 al 18 de diferents nivells (de lila a negre; no hi haur\u00e0 turqueses).<\/p>\n<p>Des del dia del setting i fins els 6 dies posteriors es podran fer els blocs i s\u2019haur\u00e0 d\u2019anotar a un document la informaci\u00f3 corresponent a l\u2019execuci\u00f3 del bloc. Un cop finalitzats s&#8217;haur\u00e0 d&#8217;enviar el formulari amb els resultats. (apartat Formulari).<\/p>\n<p>Final:<\/p>\n<p>El dia de la final es faran <strong>4 blocs per categoria.<\/strong>[\/vc_column_text][\/vc_column][vc_column width=&#8221;1\/2&#8243;][vc_empty_space][vc_empty_space][vc_single_image image=&#8221;18261&#8243; img_size=&#8221;500&#215;500&#8243; alignment=&#8221;center&#8221; qode_css_animation=&#8221;&#8221;][vc_empty_space][vc_empty_space][\/vc_column][\/vc_row][vc_row css_animation=&#8221;&#8221; row_type=&#8221;row&#8221; use_row_as_full_screen_section=&#8221;no&#8221; type=&#8221;full_width&#8221; angled_section=&#8221;no&#8221; text_align=&#8221;left&#8221; background_image_as_pattern=&#8221;without_pattern&#8221;][vc_column][vc_column_text]<span style=\"color: #008000;\"><strong>CATEGORIES<\/strong><\/span><\/p>\n<ul>\n<li>Iniciaci\u00f3 (Masc i Fem): fa vies liles i grogues i alguna blava- NO FINAL<\/li>\n<li>Intermedia (Masc i Fem) : fa vies grogues i blaves i alguna blanca &#8211; FINAL<\/li>\n<li>Avan\u00e7ada (Masc i Fem): fa vies blanques i vermelles i alguna negra &#8211; FINAL<\/li>\n<\/ul>\n<p>Les categories les decidir\u00e0 l\u2019equip de Blocat en funci\u00f3 de les puntuacions de cada participant. (apartat SISTEMA PUNTUACI\u00d3)<\/p>\n<p>Es faran finals per a la categoria Intermedia i Avan\u00e7ada. Per a la categoria d\u2019iniciaci\u00f3 no hi haur\u00e0 final, es publicar\u00e0 el ranquing final.<\/p>\n<p>&nbsp;<\/p>\n<p><span style=\"color: #008000;\"><strong>CALENDARI <\/strong><\/span><\/p>\n<p>Ronda 1: 5<strong>-12 maig<\/strong> (enviar formulari abans del 12 de maig a les 10:00h)<\/p>\n<p>Ronda 2: <strong>12-19 maig<\/strong> (enviar formulari abans del 19 de maig a les 10:00h)<\/p>\n<p>Ronda 3: <strong>19-26 maig<\/strong> (enviar formulari abans del 26 de maig a les 10:00h)<\/p>\n<p>FINAL: <strong>DIVENDRES 19 DE JUNY<\/strong> (tarda)<\/p>\n<p>&nbsp;<\/p>\n<p><span style=\"color: #008000;\"><strong>SISTEMA DE PUNTUACI\u00d3 <\/strong><\/span><\/p>\n<p>Puntuacions de nivell:<\/p>\n<ul>\n<li>Lila: 10 pts<\/li>\n<li>Groc: 30 pts<\/li>\n<li>Blau: 90 pts<\/li>\n<li>Blanc: 180 pts<\/li>\n<li>Vermell: 320 pts<\/li>\n<li>Negre: 550 pts<\/li>\n<\/ul>\n<p><strong>FLASH:<\/strong> + 5 punts;\u00a0El bloc es fa al primer intent. Es suma la puntuaci\u00f3 de nivell + 5 punts addicionals<\/p>\n<p><strong>Menys 5 intents: <\/strong>0 punts;\u00a0El bloc es fa amb 5 o menys intents. Es suma \u00fanicament la puntuaci\u00f3 de nivell.<\/p>\n<p><strong>M\u00e9s de 5 intents:<\/strong> -5 punts; Es resten 5 punts a la puntuaci\u00f3 de nivell.<\/p>\n<p>Els i les participants \u00fanicament hauran de marcar al formulari <em>FLASH<\/em>, <em>Menys de 5<\/em> <em>intents<\/em> o <em>M\u00e9s de 5 intents<\/em>. Si no es fa el bloc no es marcar\u00e0 cap de les opcions.\u00a0La puntuaci\u00f3 final la calcular\u00e0 l&#8217;equip de Blocat.<\/p>\n<p>El bloc s\u2019inicia amb les dues mans a la presa d\u2019inici i es donar\u00e0 com a finalitzat quan s\u2019est\u00e0 3 segons agafat a la presa m\u00e9s alta ambdues mans.<\/p>\n<p>&nbsp;<\/p>\n<p><span style=\"color: #008000;\"><strong>FINALS<\/strong><\/span><\/p>\n<p>La final ser\u00e0 tipus ronda americana. Els i les participants surten un darrere l\u2019altre de manera que una ronda s\u2019escala i l\u2019altre no fins a completar tots els blocs. El competidor que est\u00e0 a la ronda de descans ha de estar mirant en direcci\u00f3 contraria al mur. Temps per fer els blocs es de 4\u201930\u201d minuts.<\/p>\n<ul>\n<li>Es far\u00e0 una ronda per categoria; total 4 rondes<\/li>\n<li>Els blocs de la final tindran Start, Bonus i Top<\/li>\n<li>Els i les finalistes tindran 1 minut de visualitzaci\u00f3 per bloc abans de competir<\/li>\n<li>Els finalistes hauran d\u2019estar a la zona d&#8217;a\u00efllament 15 minuts abans de la primera final<\/li>\n<\/ul>\n<p>Els blocs de la final comen\u00e7aran a partir del color groc.<\/p>\n<p>La final ser\u00e0 puntuada com a les competicions oficials.<\/p>\n<p>&nbsp;<\/p>\n<p><span style=\"color: #008000;\"><strong>FORMULARIS<\/strong><\/span><\/p>\n<p>Per a cada jornada classificat\u00f2ria la persona participant pr\u00e8viament registrada haur\u00e0 d\u2019enviar omplert el document que trobaran al link de Formulari, nom\u00e9s es podr\u00e0 enviar una vegada i dintre dels terminis establerts.<\/p>\n<p><strong>No s\u2019acceptar\u00e0 cap formulari fora de termini.<\/strong><\/p>\n<p>Els formularis els podeu trobar a la nostre web www.blocatclimbing.com<\/p>\n<p>&nbsp;<\/p>\n<p><span style=\"color: #008000;\"><strong>INSCRIPCIONS<\/strong><\/span><\/p>\n<ul>\n<li>Preu: <strong data-start=\"489\" data-end=\"500\">GRATU\u00cfT<\/strong><br data-start=\"500\" data-end=\"503\" \/>\u2022 La inscripci\u00f3 dona acc\u00e9s a la <strong data-start=\"535\" data-end=\"575\">participaci\u00f3 a la lliga i a la final<\/strong><br data-start=\"575\" data-end=\"578\" \/>\u2022 L\u2019acc\u00e9s al roc\u00f2drom durant les jornades classificat\u00f2ries <strong data-start=\"637\" data-end=\"655\">no est\u00e0 incl\u00f2s<\/strong> (gratu\u00eft per a socis\/es; entrada habitual per a no socis\/es)<br data-start=\"711\" data-end=\"714\" \/>\u2022 Samarreta lliga: <strong data-start=\"733\" data-end=\"751\">15\u20ac (OPCIONAL)<\/strong> \u2013 Disseny \u00fanic i exclusiu per als participants<br data-start=\"798\" data-end=\"801\" \/>\u2022 La inscripci\u00f3 s\u2019ha de fer online<br data-start=\"835\" data-end=\"838\" \/>\u2022 Es pot fer en qualsevol moment (si no participes en alguna jornada, tindr\u00e0s menys opcions de classificar-te per la final)<\/li>\n<\/ul>\n<p>&nbsp;<\/p>\n<p><span style=\"color: #008000;\"><strong>PREMIS<\/strong><\/span><\/p>\n<p>Premis per als 3 primers classificats de cada categoria (interm\u00e8dia i avan\u00e7ada \/ Mascul\u00ed i Femen\u00ed).[\/vc_column_text][vc_empty_space][vc_empty_space][\/vc_column][\/vc_row][vc_row css_animation=&#8221;&#8221; row_type=&#8221;row&#8221; use_row_as_full_screen_section=&#8221;no&#8221; type=&#8221;full_width&#8221; angled_section=&#8221;no&#8221; text_align=&#8221;left&#8221; background_image_as_pattern=&#8221;without_pattern&#8221;][vc_column width=&#8221;1\/2&#8243;][vc_column_text]<span style=\"color: #000000;\"><strong>INSCRIU-TE AQU\u00cd<\/strong><\/span>[\/vc_column_text]<div class='q_icon_with_title very_large normal_icon center qode-iwt-content-alignment-left '><div class=\"icon_holder \" style=\" \"><span data-icon-type=\"normal\"   style=\"\" class=\"qode_iwt_icon_holder q_font_awsome_icon fa-5x  \"><span aria-hidden=\"true\" class=\"qode_icon_font_elegant  qode_iwt_icon_element\" style=\"color: #1b600f;\" ><\/span><\/span><\/div><div class=\"icon_text_holder\" style=\"\"><div class=\"icon_text_inner\" style=\"\"><h5 class=\"icon_title\" style=\"color: #b34817;font-weight: 900;\"><\/h5><p style='color: #b34817'><\/p><a itemprop='url' class='icon_with_title_link' href='https:\/\/blocat.playoffinformatica.com\/activitat\/17\/Blocat-Climbing-League-2026\/' target='_self' style='color: #1b600f;'>INSCRIPCI\u00d3 BLOCAT CLIMBING LEAGUE<\/a><\/div><\/div><\/div>[\/vc_column][vc_column width=&#8221;1\/2&#8243;][vc_column_text]<span style=\"color: #000000;\"><strong>APUNTA AQU\u00cd ELS TEUS RESULTATS<\/strong><\/span>[\/vc_column_text]<div class='q_icon_with_title very_large normal_icon center qode-iwt-content-alignment-left '><div class=\"icon_holder \" style=\" \"><span data-icon-type=\"normal\"   style=\"\" class=\"qode_iwt_icon_holder q_font_awsome_icon fa-5x  \"><span aria-hidden=\"true\" class=\"qode_icon_font_elegant  qode_iwt_icon_element\" style=\"color: #b34817;\" ><\/span><\/span><\/div><div class=\"icon_text_holder\" style=\"\"><div class=\"icon_text_inner\" style=\"\"><h5 class=\"icon_title\" style=\"color: #b34817;font-weight: 900;\"><\/h5><p style='color: #b34817'><\/p><a itemprop='url' class='icon_with_title_link' href='https:\/\/forms.gle\/QF84ZTuC7cJ3y53a8' target='_self' style='color: #b34817;'>FORMULARI 1 (5-12 MAIG) - TANCAT!<\/a><\/div><\/div><\/div><div class='q_icon_with_title very_large normal_icon center qode-iwt-content-alignment-left '><div class=\"icon_holder \" style=\" \"><span data-icon-type=\"normal\"   style=\"\" class=\"qode_iwt_icon_holder q_font_awsome_icon fa-5x  \"><span aria-hidden=\"true\" class=\"qode_icon_font_elegant  qode_iwt_icon_element\" style=\"color: #b34817;\" ><\/span><\/span><\/div><div class=\"icon_text_holder\" style=\"\"><div class=\"icon_text_inner\" style=\"\"><h5 class=\"icon_title\" style=\"color: #b34817;font-weight: 900;\"><\/h5><p style='color: #b34817'><\/p><a itemprop='url' class='icon_with_title_link' href='https:\/\/forms.gle\/dB7W9amkBPVDYwJ2A' target='_self' style='color: #b34817;'>FORMULARI 2 (12-19 MAIG)<\/a><\/div><\/div><\/div>[\/vc_column][\/vc_row][vc_row css_animation=&#8221;&#8221; row_type=&#8221;row&#8221; use_row_as_full_screen_section=&#8221;no&#8221; type=&#8221;full_width&#8221; angled_section=&#8221;no&#8221; text_align=&#8221;left&#8221; background_image_as_pattern=&#8221;without_pattern&#8221;][vc_column][vc_empty_space][vc_empty_space][vc_empty_space][\/vc_column][\/vc_row]<\/p>\n","protected":false},"excerpt":{"rendered":"<p>[vc_row css_animation=&#8221;&#8221; row_type=&#8221;row&#8221; use_row_as_full_screen_section=&#8221;no&#8221; type=&#8221;full_width&#8221; angled_section=&#8221;no&#8221; text_align=&#8221;left&#8221; background_image_as_pattern=&#8221;without_pattern&#8221;][vc_column][vc_empty_space][vc_empty_space][vc_single_image image=&#8221;18255&#8243; img_size=&#8221;medium&#8221; alignment=&#8221;center&#8221; qode_css_animation=&#8221;&#8221;][vc_empty_space][vc_empty_space][\/vc_column][\/vc_row][vc_row css_animation=&#8221;&#8221; row_type=&#8221;row&#8221; use_row_as_full_screen_section=&#8221;no&#8221; type=&#8221;full_width&#8221; angled_section=&#8221;no&#8221; text_align=&#8221;left&#8221; background_image_as_pattern=&#8221;without_pattern&#8221;][vc_column width=&#8221;1\/2&#8243;][vc_empty_space][vc_empty_space][vc_empty_space][vc_column_text]QU\u00c8 \u00c9S? \u00c9s una lliga interna d\u2019escalada on es pot apuntar qualsevol persona. Es participar\u00e0 a 3 jornades classificat\u00f2ries i es far\u00e0 un ranquing. Els i&#8230;<\/p>\n","protected":false},"author":1,"featured_media":0,"parent":0,"menu_order":0,"comment_status":"closed","ping_status":"closed","template":"","meta":[],"yoast_head":"<!-- This site is optimized with the Yoast SEO plugin v15.2 - https:\/\/yoast.com\/wordpress\/plugins\/seo\/ -->\n<title>Blocat | Climbing League 26<\/title>\n<meta name=\"description\" content=\"Descobreix les diferents ofertes de preobertura de Blocat, el nou centre d&#039;escalada de la comarca d&#039;Osona.\" \/>\n<meta name=\"robots\" content=\"index, follow, max-snippet:-1, max-image-preview:large, max-video-preview:-1\" \/>\n<link rel=\"canonical\" href=\"https:\/\/blocatclimbing.com\/index.php\/climbing-league-26\/\" \/>\n<meta property=\"og:locale\" content=\"es_ES\" \/>\n<meta property=\"og:type\" content=\"article\" \/>\n<meta property=\"og:title\" content=\"Blocat | Climbing League 26\" \/>\n<meta property=\"og:description\" content=\"Descobreix les diferents ofertes de preobertura de Blocat, el nou centre d&#039;escalada de la comarca d&#039;Osona.\" \/>\n<meta property=\"og:url\" content=\"https:\/\/blocatclimbing.com\/index.php\/climbing-league-26\/\" \/>\n<meta property=\"og:site_name\" content=\"Blocat\" \/>\n<meta property=\"article:modified_time\" content=\"2026-05-12T10:34:59+00:00\" \/>\n<meta name=\"twitter:card\" content=\"summary_large_image\" \/>\n<meta name=\"twitter:label1\" value=\"Escrito por\">\n\t<meta name=\"twitter:data1\" value=\"admin\">\n\t<meta name=\"twitter:label2\" value=\"Tiempo de lectura\">\n\t<meta name=\"twitter:data2\" value=\"5 minutos\">\n<script type=\"application\/ld+json\" class=\"yoast-schema-graph\">{\"@context\":\"https:\/\/schema.org\",\"@graph\":[{\"@type\":\"WebSite\",\"@id\":\"https:\/\/blocatclimbing.com\/#website\",\"url\":\"https:\/\/blocatclimbing.com\/\",\"name\":\"Blocat\",\"description\":\"La pedra i la m&agrave;\",\"potentialAction\":[{\"@type\":\"SearchAction\",\"target\":\"https:\/\/blocatclimbing.com\/?s={search_term_string}\",\"query-input\":\"required name=search_term_string\"}],\"inLanguage\":\"es\"},{\"@type\":\"WebPage\",\"@id\":\"https:\/\/blocatclimbing.com\/index.php\/climbing-league-26\/#webpage\",\"url\":\"https:\/\/blocatclimbing.com\/index.php\/climbing-league-26\/\",\"name\":\"Blocat | Climbing League 26\",\"isPartOf\":{\"@id\":\"https:\/\/blocatclimbing.com\/#website\"},\"datePublished\":\"2026-03-19T19:06:38+00:00\",\"dateModified\":\"2026-05-12T10:34:59+00:00\",\"description\":\"Descobreix les diferents ofertes de preobertura de Blocat, el nou centre d'escalada de la comarca d'Osona.\",\"inLanguage\":\"es\",\"potentialAction\":[{\"@type\":\"ReadAction\",\"target\":[\"https:\/\/blocatclimbing.com\/index.php\/climbing-league-26\/\"]}]}]}<\/script>\n<!-- \/ Yoast SEO plugin. -->","_links":{"self":[{"href":"https:\/\/blocatclimbing.com\/index.php\/wp-json\/wp\/v2\/pages\/18250"}],"collection":[{"href":"https:\/\/blocatclimbing.com\/index.php\/wp-json\/wp\/v2\/pages"}],"about":[{"href":"https:\/\/blocatclimbing.com\/index.php\/wp-json\/wp\/v2\/types\/page"}],"author":[{"embeddable":true,"href":"https:\/\/blocatclimbing.com\/index.php\/wp-json\/wp\/v2\/users\/1"}],"replies":[{"embeddable":true,"href":"https:\/\/blocatclimbing.com\/index.php\/wp-json\/wp\/v2\/comments?post=18250"}],"version-history":[{"count":19,"href":"https:\/\/blocatclimbing.com\/index.php\/wp-json\/wp\/v2\/pages\/18250\/revisions"}],"predecessor-version":[{"id":18285,"href":"https:\/\/blocatclimbing.com\/index.php\/wp-json\/wp\/v2\/pages\/18250\/revisions\/18285"}],"wp:attachment":[{"href":"https:\/\/blocatclimbing.com\/index.php\/wp-json\/wp\/v2\/media?parent=18250"}],"curies":[{"name":"wp","href":"https:\/\/api.w.org\/{rel}","templated":true}]}}