{"id":17935,"date":"2023-04-14T11:41:37","date_gmt":"2023-04-14T11:41:37","guid":{"rendered":"https:\/\/blocatclimbing.com\/?page_id=17935"},"modified":"2025-10-05T09:34:55","modified_gmt":"2025-10-05T09:34:55","slug":"educacio","status":"publish","type":"page","link":"https:\/\/blocatclimbing.com\/index.php\/educacio\/","title":{"rendered":"Educaci\u00f3"},"content":{"rendered":"<p>[vc_row css_animation=&#8221;&#8221; row_type=&#8221;row&#8221; use_row_as_full_screen_section=&#8221;no&#8221; type=&#8221;full_width&#8221; angled_section=&#8221;no&#8221; text_align=&#8221;left&#8221; background_image_as_pattern=&#8221;without_pattern&#8221;][vc_column][vc_empty_space][vc_empty_space][vc_video link=&#8221;https:\/\/youtu.be\/to7dgXRr-h8&#8243;][\/vc_column][\/vc_row][vc_row css_animation=&#8221;&#8221; row_type=&#8221;row&#8221; use_row_as_full_screen_section=&#8221;no&#8221; type=&#8221;full_width&#8221; angled_section=&#8221;no&#8221; text_align=&#8221;left&#8221; background_image_as_pattern=&#8221;without_pattern&#8221;][vc_column][vc_empty_space][vc_empty_space][\/vc_column][\/vc_row][vc_row css_animation=&#8221;&#8221; row_type=&#8221;row&#8221; use_row_as_full_screen_section=&#8221;no&#8221; type=&#8221;full_width&#8221; angled_section=&#8221;no&#8221; text_align=&#8221;left&#8221; background_image_as_pattern=&#8221;without_pattern&#8221;][vc_column width=&#8221;1\/3&#8243;][\/vc_column][vc_column width=&#8221;1\/3&#8243;][vc_column_text]<\/p>\n<p style=\"text-align: center;\"><span style=\"font-size: 36pt; color: #b34817;\"><span style=\"font-family: miso;\"><strong>ACTIVITATS PER A\u00a0<\/strong><\/span><\/span><\/p>\n<p>&nbsp;<\/p>\n<p style=\"text-align: center;\"><span style=\"font-size: 36pt; color: #b34817;\"><span style=\"font-family: miso;\"><strong>ESCOLES I INSTITUTS<\/strong><\/span><\/span><\/p>\n<p>[\/vc_column_text][\/vc_column][vc_column width=&#8221;1\/3&#8243;][\/vc_column][\/vc_row][vc_row css_animation=&#8221;&#8221; row_type=&#8221;row&#8221; use_row_as_full_screen_section=&#8221;no&#8221; type=&#8221;full_width&#8221; angled_section=&#8221;no&#8221; text_align=&#8221;left&#8221; background_image_as_pattern=&#8221;without_pattern&#8221;][vc_column][vc_empty_space][vc_empty_space][\/vc_column][\/vc_row][vc_row css_animation=&#8221;&#8221; row_type=&#8221;row&#8221; use_row_as_full_screen_section=&#8221;no&#8221; type=&#8221;full_width&#8221; angled_section=&#8221;no&#8221; text_align=&#8221;left&#8221; background_image_as_pattern=&#8221;without_pattern&#8221;][vc_column width=&#8221;1\/2&#8243;][vc_column_text]<\/p>\n<div class=\"x_elementToProof\">L&#8217;educaci\u00f3 \u00e9s un dels pilars fonamentals de Blocat i el seu m\u00e0xim exponent s\u00f3n les activitats per a escoles i instituts.<\/div>\n<div class=\"x_elementToProof\">Els m\u00e9s de 800 metres de roc\u00f2drom es tanquen per a la visita dels centres i surten a la llum les nostres activitats que van molt m\u00e9s enll\u00e0 de l&#8217;escalada.<\/div>\n<div class=\"x_elementToProof\">Una hist\u00f2ria o fil conductor acompanyen els alumnes a con\u00e8ixer les diferents modalitats d&#8217;escalada i les seves mesures de seguretat, amb fins a 9 professionals treballant per a vosaltres.<\/div>\n<div class=\"x_elementToProof\">L&#8217;activitat f\u00edsica pren protagonisme en una jornada que anir\u00e0 acompanyada de la transversalitat amb altres \u00e0rees curriculars i posant-ne en valor el car\u00e0cter competencial. El treball en equip, la cooperaci\u00f3, l&#8217;autosuperaci\u00f3 i la cura del medi ambient seran sempre companys d&#8217;aventura a la jornada de Blocat.<\/div>\n<div class=\"x_elementToProof\"><\/div>\n<div class=\"x_elementToProof\">L&#8217;equip d&#8217;educaci\u00f3 de Blocat est\u00e0 format per professionals de l&#8217;educaci\u00f3 que treballen constantment en l&#8217;oferta d&#8217;activitats. El dossier que trobareu a continuaci\u00f3 \u00e9s l&#8217;oferta actual, amb algunes activitats amb molt rodatge i altres de nova creaci\u00f3, perqu\u00e8 pugueu disposar d&#8217;un ampli ventall de propostes.<\/div>\n<div class=\"x_elementToProof\"><\/div>\n<div class=\"x_elementToProof\">Blocat educaci\u00f3 \u00e9s repte, \u00e9s il\u00b7lusi\u00f3, \u00e9s escalada i molt m\u00e9s que escalada. Blocat \u00e9s un espai per a tu i per a la teva escola. Us hi esperem.<\/div>\n<p>[\/vc_column_text][\/vc_column][vc_column width=&#8221;1\/2&#8243;][vc_empty_space][vc_single_image image=&#8221;17936&#8243; img_size=&#8221;full&#8221; qode_css_animation=&#8221;&#8221;][vc_empty_space][vc_empty_space][\/vc_column][\/vc_row][vc_row css_animation=&#8221;&#8221; row_type=&#8221;row&#8221; use_row_as_full_screen_section=&#8221;no&#8221; type=&#8221;full_width&#8221; angled_section=&#8221;no&#8221; text_align=&#8221;left&#8221; background_image_as_pattern=&#8221;without_pattern&#8221;][vc_column]<div class='q_icon_with_title very_large normal_icon center '><div class=\"icon_holder \" style=\" \"><span data-icon-type=\"normal\"   style=\"\" class=\"qode_iwt_icon_holder q_font_awsome_icon fa-5x  qode-type1-gradient-left-to-right-text\"><i class=\"qode_icon_font_awesome_5 fa5  qode_iwt_icon_element\" style=\"color: #3b431d;\" ><\/i><\/span><\/div><div class=\"icon_text_holder\" style=\"\"><div class=\"icon_text_inner\" style=\"\"><h5 class=\"icon_title\" style=\"color: #dd9933;font-weight: 900;\"><\/h5><p style=''><\/p><a itemprop='url' class='icon_with_title_link' href='https:\/\/blocatclimbing.com\/wp-content\/uploads\/2025\/10\/Dossier-activitats.pdf' target='_self' style='color: #b34817;'>DESCARREGAR DOSSIER D'ACTIVITATS<\/a><\/div><\/div><\/div>[vc_empty_space][vc_empty_space][\/vc_column][\/vc_row][vc_row css_animation=&#8221;&#8221; row_type=&#8221;row&#8221; use_row_as_full_screen_section=&#8221;no&#8221; type=&#8221;full_width&#8221; angled_section=&#8221;no&#8221; text_align=&#8221;left&#8221; background_image_as_pattern=&#8221;without_pattern&#8221;][vc_column][vc_gallery type=&#8221;flexslider_slide&#8221; interval=&#8221;10&#8243; images=&#8221;17973,17972,17971,17970,17969&#8243; img_size=&#8221;large&#8221; direction_nav=&#8221;yes&#8221; control_nav=&#8221;yes&#8221; pause_on_hover=&#8221;no&#8221; frame=&#8221;no&#8221;][vc_empty_space][\/vc_column][\/vc_row][vc_row css_animation=&#8221;&#8221; row_type=&#8221;row&#8221; use_row_as_full_screen_section=&#8221;no&#8221; type=&#8221;full_width&#8221; angled_section=&#8221;no&#8221; text_align=&#8221;left&#8221; background_image_as_pattern=&#8221;without_pattern&#8221;][vc_column width=&#8221;1\/3&#8243;][\/vc_column][vc_column width=&#8221;1\/3&#8243;][vc_column_text]<\/p>\n<p style=\"text-align: center;\"><span style=\"color: #000000;\"><strong>M\u00c9S INFORMACI\u00d3<\/strong><\/span><\/p>\n<p style=\"text-align: center;\"><strong><span style=\"color: #000000;\">activitats@blocatclimbing.com<\/span><\/strong><\/p>\n<p>[\/vc_column_text][\/vc_column][vc_column width=&#8221;1\/3&#8243;][\/vc_column][\/vc_row][vc_row css_animation=&#8221;&#8221; row_type=&#8221;row&#8221; use_row_as_full_screen_section=&#8221;no&#8221; type=&#8221;full_width&#8221; angled_section=&#8221;no&#8221; text_align=&#8221;left&#8221; background_image_as_pattern=&#8221;without_pattern&#8221;][vc_column][vc_empty_space][\/vc_column][\/vc_row]<\/p>\n","protected":false},"excerpt":{"rendered":"<p>[vc_row css_animation=&#8221;&#8221; row_type=&#8221;row&#8221; use_row_as_full_screen_section=&#8221;no&#8221; type=&#8221;full_width&#8221; angled_section=&#8221;no&#8221; text_align=&#8221;left&#8221; background_image_as_pattern=&#8221;without_pattern&#8221;][vc_column][vc_empty_space][vc_empty_space][vc_video link=&#8221;https:\/\/youtu.be\/to7dgXRr-h8&#8243;][\/vc_column][\/vc_row][vc_row css_animation=&#8221;&#8221; row_type=&#8221;row&#8221; use_row_as_full_screen_section=&#8221;no&#8221; type=&#8221;full_width&#8221; angled_section=&#8221;no&#8221; text_align=&#8221;left&#8221; background_image_as_pattern=&#8221;without_pattern&#8221;][vc_column][vc_empty_space][vc_empty_space][\/vc_column][\/vc_row][vc_row css_animation=&#8221;&#8221; row_type=&#8221;row&#8221; use_row_as_full_screen_section=&#8221;no&#8221; type=&#8221;full_width&#8221; angled_section=&#8221;no&#8221; text_align=&#8221;left&#8221; background_image_as_pattern=&#8221;without_pattern&#8221;][vc_column width=&#8221;1\/3&#8243;][\/vc_column][vc_column width=&#8221;1\/3&#8243;][vc_column_text] ACTIVITATS PER A\u00a0 &nbsp; ESCOLES I INSTITUTS [\/vc_column_text][\/vc_column][vc_column width=&#8221;1\/3&#8243;][\/vc_column][\/vc_row][vc_row css_animation=&#8221;&#8221; row_type=&#8221;row&#8221; use_row_as_full_screen_section=&#8221;no&#8221; type=&#8221;full_width&#8221; angled_section=&#8221;no&#8221; text_align=&#8221;left&#8221; background_image_as_pattern=&#8221;without_pattern&#8221;][vc_column][vc_empty_space][vc_empty_space][\/vc_column][\/vc_row][vc_row css_animation=&#8221;&#8221; row_type=&#8221;row&#8221; use_row_as_full_screen_section=&#8221;no&#8221; type=&#8221;full_width&#8221;&#8230;<\/p>\n","protected":false},"author":1,"featured_media":0,"parent":0,"menu_order":0,"comment_status":"closed","ping_status":"closed","template":"","meta":[],"yoast_head":"<!-- This site is optimized with the Yoast SEO plugin v15.2 - https:\/\/yoast.com\/wordpress\/plugins\/seo\/ -->\n<title>Blocat | Educaci\u00f3 i escalada per a nens, nenes i joves<\/title>\n<meta name=\"description\" content=\"L\u2019escalada \u00e9s una activitat f\u00edsica, l\u00fadica i saludable. Eduquem fent \u00fas de jocs i activitats basades en la pr\u00e0ctica de l\u2019escalada.\" \/>\n<meta name=\"robots\" content=\"index, follow, max-snippet:-1, max-image-preview:large, max-video-preview:-1\" \/>\n<link rel=\"canonical\" href=\"https:\/\/blocatclimbing.com\/index.php\/educacio\/\" \/>\n<meta property=\"og:locale\" content=\"es_ES\" \/>\n<meta property=\"og:type\" content=\"article\" \/>\n<meta property=\"og:title\" content=\"Blocat | Educaci\u00f3 i escalada per a nens, nenes i joves\" \/>\n<meta property=\"og:description\" content=\"L\u2019escalada \u00e9s una activitat f\u00edsica, l\u00fadica i saludable. Eduquem fent \u00fas de jocs i activitats basades en la pr\u00e0ctica de l\u2019escalada.\" \/>\n<meta property=\"og:url\" content=\"https:\/\/blocatclimbing.com\/index.php\/educacio\/\" \/>\n<meta property=\"og:site_name\" content=\"Blocat\" \/>\n<meta property=\"article:modified_time\" content=\"2025-10-05T09:34:55+00:00\" \/>\n<meta name=\"twitter:card\" content=\"summary_large_image\" \/>\n<meta name=\"twitter:label1\" value=\"Escrito por\">\n\t<meta name=\"twitter:data1\" value=\"admin\">\n\t<meta name=\"twitter:label2\" value=\"Tiempo de lectura\">\n\t<meta name=\"twitter:data2\" value=\"3 minutos\">\n<script type=\"application\/ld+json\" class=\"yoast-schema-graph\">{\"@context\":\"https:\/\/schema.org\",\"@graph\":[{\"@type\":\"WebSite\",\"@id\":\"https:\/\/blocatclimbing.com\/#website\",\"url\":\"https:\/\/blocatclimbing.com\/\",\"name\":\"Blocat\",\"description\":\"La pedra i la m&agrave;\",\"potentialAction\":[{\"@type\":\"SearchAction\",\"target\":\"https:\/\/blocatclimbing.com\/?s={search_term_string}\",\"query-input\":\"required name=search_term_string\"}],\"inLanguage\":\"es\"},{\"@type\":\"WebPage\",\"@id\":\"https:\/\/blocatclimbing.com\/index.php\/educacio\/#webpage\",\"url\":\"https:\/\/blocatclimbing.com\/index.php\/educacio\/\",\"name\":\"Blocat | Educaci\\u00f3 i escalada per a nens, nenes i joves\",\"isPartOf\":{\"@id\":\"https:\/\/blocatclimbing.com\/#website\"},\"datePublished\":\"2023-04-14T11:41:37+00:00\",\"dateModified\":\"2025-10-05T09:34:55+00:00\",\"description\":\"L\\u2019escalada \\u00e9s una activitat f\\u00edsica, l\\u00fadica i saludable. Eduquem fent \\u00fas de jocs i activitats basades en la pr\\u00e0ctica de l\\u2019escalada.\",\"inLanguage\":\"es\",\"potentialAction\":[{\"@type\":\"ReadAction\",\"target\":[\"https:\/\/blocatclimbing.com\/index.php\/educacio\/\"]}]}]}<\/script>\n<!-- \/ Yoast SEO plugin. -->","_links":{"self":[{"href":"https:\/\/blocatclimbing.com\/index.php\/wp-json\/wp\/v2\/pages\/17935"}],"collection":[{"href":"https:\/\/blocatclimbing.com\/index.php\/wp-json\/wp\/v2\/pages"}],"about":[{"href":"https:\/\/blocatclimbing.com\/index.php\/wp-json\/wp\/v2\/types\/page"}],"author":[{"embeddable":true,"href":"https:\/\/blocatclimbing.com\/index.php\/wp-json\/wp\/v2\/users\/1"}],"replies":[{"embeddable":true,"href":"https:\/\/blocatclimbing.com\/index.php\/wp-json\/wp\/v2\/comments?post=17935"}],"version-history":[{"count":31,"href":"https:\/\/blocatclimbing.com\/index.php\/wp-json\/wp\/v2\/pages\/17935\/revisions"}],"predecessor-version":[{"id":18215,"href":"https:\/\/blocatclimbing.com\/index.php\/wp-json\/wp\/v2\/pages\/17935\/revisions\/18215"}],"wp:attachment":[{"href":"https:\/\/blocatclimbing.com\/index.php\/wp-json\/wp\/v2\/media?parent=17935"}],"curies":[{"name":"wp","href":"https:\/\/api.w.org\/{rel}","templated":true}]}}